{"id":1420,"date":"2026-02-09T00:31:27","date_gmt":"2026-02-09T00:31:27","guid":{"rendered":"https:\/\/fundacionahava.org\/oncolife\/?page_id=1420"},"modified":"2026-02-11T09:11:42","modified_gmt":"2026-02-11T09:11:42","slug":"fisioterapia-y-osteopatia","status":"publish","type":"page","link":"https:\/\/fundacionahava.org\/oncolife\/fisioterapia-y-osteopatia\/","title":{"rendered":"Fisioterapia y Osteopatia"},"content":{"rendered":"\n<div class=\"wp-block-cover alignfull is-light\" style=\"margin-top:0;padding-top:6vw;padding-right:6vw;padding-bottom:6vw;padding-left:6vw\"><img loading=\"lazy\" decoding=\"async\" width=\"1024\" height=\"657\" class=\"wp-block-cover__image-background wp-image-22 size-large\" alt=\"\" src=\"https:\/\/fundacionahava.org\/oncolife\/wp-content\/uploads\/2026\/01\/img-escuela-espalda-1024x657.jpg\" data-object-fit=\"cover\" srcset=\"https:\/\/fundacionahava.org\/oncolife\/wp-content\/uploads\/2026\/01\/img-escuela-espalda-1024x657.jpg 1024w, https:\/\/fundacionahava.org\/oncolife\/wp-content\/uploads\/2026\/01\/img-escuela-espalda-300x193.jpg 300w, https:\/\/fundacionahava.org\/oncolife\/wp-content\/uploads\/2026\/01\/img-escuela-espalda-768x493.jpg 768w, https:\/\/fundacionahava.org\/oncolife\/wp-content\/uploads\/2026\/01\/img-escuela-espalda.jpg 1500w\" sizes=\"auto, (max-width: 1024px) 100vw, 1024px\" \/><span aria-hidden=\"true\" class=\"wp-block-cover__background has-background-dim\" style=\"background-color:#eb4c77\"><\/span><div class=\"wp-block-cover__inner-container is-layout-flow wp-block-cover-is-layout-flow\">\n<div class=\"wp-block-group is-content-justification-center is-layout-flex wp-container-core-group-is-layout-82565499 wp-block-group-is-layout-flex\">\n<div class=\"wp-block-group alignwide wp-container-content-ceb7f5b3 is-content-justification-left is-layout-constrained wp-container-core-group-is-layout-852f5fc7 wp-block-group-is-layout-constrained\">\n<h2 class=\"wp-block-heading alignwide has-text-align-left has-contrast-color has-text-color\" style=\"font-size:100px;font-style:normal;font-weight:500;line-height:0.9;text-transform:none\">Osteopatia<\/h2>\n\n\n\n<div style=\"height:24px\" aria-hidden=\"true\" class=\"wp-block-spacer\"><\/div>\n\n\n\n<p class=\"has-text-align-left has-contrast-color has-text-color\">En&nbsp;<strong>Ahava  fisio<\/strong>&nbsp;valoramos al paciente en su globalidad, analizando con una visi\u00f3n cient\u00edfica toda la estructura corporal, buscando los d\u00e9ficits motores y las posibles causas que han generado la lesi\u00f3n.<\/p>\n\n\n\n<p>Para ello se realiza un trabajo <strong> multidisciplinar<\/strong>.<\/p>\n\n\n\n<p><\/p>\n\n\n\n<p class=\"has-text-align-left has-contrast-color has-text-color\"><strong>Una de nuestras especialidades es la fisioterapia traumatol\u00f3gica<\/strong>. Se realiza una valoraci\u00f3n y un protocolo de trabajo mixto con terapia manual y terapia de movimiento, en casos como esguinces, artrosis, artritis, luxaciones, fracturas, contracturas\u2026<\/p>\n\n\n\n<div style=\"height:60px\" aria-hidden=\"true\" class=\"wp-block-spacer\"><\/div>\n\n\n\n<div class=\"wp-block-buttons is-content-justification-left is-nowrap is-layout-flex wp-container-core-buttons-is-layout-92e17da2 wp-block-buttons-is-layout-flex\">\n<div class=\"wp-block-button is-style-fill\"><a class=\"wp-block-button__link has-base-color has-contrast-background-color has-text-color has-background has-custom-font-size wp-element-button\" href=\"https:\/\/wa.me\/5492944809091\" style=\"border-radius:0px;padding-top:24px;padding-right:48px;padding-bottom:24px;padding-left:48px;font-size:16px;font-style:normal;font-weight:500;letter-spacing:0px;text-transform:uppercase\">Solicitar Turno<\/a><\/div>\n<\/div>\n<\/div>\n\n\n\n<div class=\"wp-block-group is-content-justification-right is-nowrap is-layout-flex wp-container-core-group-is-layout-59a2d94b wp-block-group-is-layout-flex\">\n<div class=\"wp-block-group wp-container-content-0733e5d0 is-layout-flow wp-block-group-is-layout-flow\">\n<div style=\"height:8vw\" aria-hidden=\"true\" class=\"wp-block-spacer\"><\/div>\n\n\n\n<figure class=\"wp-block-image size-large wp-container-content-0733e5d0 wp-duotone-unset-1\"><a href=\"https:\/\/fundacionahava.org\/oncolife\/wp-content\/uploads\/2026\/02\/front-view-osteopathic-therapist-checking-female-patient-s-back-1-2048x1152-1.webp\"><img loading=\"lazy\" decoding=\"async\" width=\"1024\" height=\"576\" src=\"https:\/\/fundacionahava.org\/oncolife\/wp-content\/uploads\/2026\/02\/front-view-osteopathic-therapist-checking-female-patient-s-back-1-2048x1152-1-1024x576.webp\" alt=\"\" class=\"wp-image-1422\" srcset=\"https:\/\/fundacionahava.org\/oncolife\/wp-content\/uploads\/2026\/02\/front-view-osteopathic-therapist-checking-female-patient-s-back-1-2048x1152-1-1024x576.webp 1024w, https:\/\/fundacionahava.org\/oncolife\/wp-content\/uploads\/2026\/02\/front-view-osteopathic-therapist-checking-female-patient-s-back-1-2048x1152-1-300x169.webp 300w, https:\/\/fundacionahava.org\/oncolife\/wp-content\/uploads\/2026\/02\/front-view-osteopathic-therapist-checking-female-patient-s-back-1-2048x1152-1-768x432.webp 768w, https:\/\/fundacionahava.org\/oncolife\/wp-content\/uploads\/2026\/02\/front-view-osteopathic-therapist-checking-female-patient-s-back-1-2048x1152-1-1536x864.webp 1536w, https:\/\/fundacionahava.org\/oncolife\/wp-content\/uploads\/2026\/02\/front-view-osteopathic-therapist-checking-female-patient-s-back-1-2048x1152-1.webp 2048w\" sizes=\"auto, (max-width: 1024px) 100vw, 1024px\" \/><\/a><\/figure>\n<\/div>\n\n\n\n<figure class=\"wp-block-image size-full wp-container-content-0733e5d0 wp-duotone-unset-2\"><a href=\"https:\/\/fundacionahava.org\/oncolife\/wp-content\/uploads\/2026\/02\/OCIT8wnIqLNqQkefYZc.jpg\"><img loading=\"lazy\" decoding=\"async\" width=\"800\" height=\"450\" src=\"https:\/\/fundacionahava.org\/oncolife\/wp-content\/uploads\/2026\/02\/OCIT8wnIqLNqQkefYZc.jpg\" alt=\"\" class=\"wp-image-1424\" srcset=\"https:\/\/fundacionahava.org\/oncolife\/wp-content\/uploads\/2026\/02\/OCIT8wnIqLNqQkefYZc.jpg 800w, https:\/\/fundacionahava.org\/oncolife\/wp-content\/uploads\/2026\/02\/OCIT8wnIqLNqQkefYZc-300x169.jpg 300w, https:\/\/fundacionahava.org\/oncolife\/wp-content\/uploads\/2026\/02\/OCIT8wnIqLNqQkefYZc-768x432.jpg 768w\" sizes=\"auto, (max-width: 800px) 100vw, 800px\" \/><\/a><\/figure>\n<\/div>\n<\/div>\n<\/div><\/div>\n\n\n\n<p><\/p>\n","protected":false},"excerpt":{"rendered":"","protected":false},"author":2,"featured_media":1421,"parent":0,"menu_order":0,"comment_status":"closed","ping_status":"closed","template":"","meta":{"footnotes":""},"class_list":["post-1420","page","type-page","status-publish","has-post-thumbnail","hentry"],"_links":{"self":[{"href":"https:\/\/fundacionahava.org\/oncolife\/wp-json\/wp\/v2\/pages\/1420","targetHints":{"allow":["GET"]}}],"collection":[{"href":"https:\/\/fundacionahava.org\/oncolife\/wp-json\/wp\/v2\/pages"}],"about":[{"href":"https:\/\/fundacionahava.org\/oncolife\/wp-json\/wp\/v2\/types\/page"}],"author":[{"embeddable":true,"href":"https:\/\/fundacionahava.org\/oncolife\/wp-json\/wp\/v2\/users\/2"}],"replies":[{"embeddable":true,"href":"https:\/\/fundacionahava.org\/oncolife\/wp-json\/wp\/v2\/comments?post=1420"}],"version-history":[{"count":2,"href":"https:\/\/fundacionahava.org\/oncolife\/wp-json\/wp\/v2\/pages\/1420\/revisions"}],"predecessor-version":[{"id":1439,"href":"https:\/\/fundacionahava.org\/oncolife\/wp-json\/wp\/v2\/pages\/1420\/revisions\/1439"}],"wp:featuredmedia":[{"embeddable":true,"href":"https:\/\/fundacionahava.org\/oncolife\/wp-json\/wp\/v2\/media\/1421"}],"wp:attachment":[{"href":"https:\/\/fundacionahava.org\/oncolife\/wp-json\/wp\/v2\/media?parent=1420"}],"curies":[{"name":"wp","href":"https:\/\/api.w.org\/{rel}","templated":true}]}}