{"id":1410,"date":"2026-02-09T00:18:55","date_gmt":"2026-02-09T00:18:55","guid":{"rendered":"https:\/\/fundacionahava.org\/oncolife\/?page_id=1410"},"modified":"2026-02-09T00:24:41","modified_gmt":"2026-02-09T00:24:41","slug":"unidad-onco-fisio","status":"publish","type":"page","link":"https:\/\/fundacionahava.org\/oncolife\/unidad-onco-fisio\/","title":{"rendered":"Unidad Onco Fisio"},"content":{"rendered":"\n<div class=\"wp-block-media-text is-stacked-on-mobile\"><figure class=\"wp-block-media-text__media\"><img loading=\"lazy\" decoding=\"async\" width=\"1024\" height=\"1024\" src=\"https:\/\/fundacionahava.org\/oncolife\/wp-content\/uploads\/2026\/02\/9-1-1024x1024.webp\" alt=\"\" class=\"wp-image-1418 size-full\" srcset=\"https:\/\/fundacionahava.org\/oncolife\/wp-content\/uploads\/2026\/02\/9-1-1024x1024.webp 1024w, https:\/\/fundacionahava.org\/oncolife\/wp-content\/uploads\/2026\/02\/9-1-300x300.webp 300w, https:\/\/fundacionahava.org\/oncolife\/wp-content\/uploads\/2026\/02\/9-1-150x150.webp 150w, https:\/\/fundacionahava.org\/oncolife\/wp-content\/uploads\/2026\/02\/9-1-768x768.webp 768w, https:\/\/fundacionahava.org\/oncolife\/wp-content\/uploads\/2026\/02\/9-1.webp 1080w\" sizes=\"auto, (max-width: 1024px) 100vw, 1024px\" \/><\/figure><div class=\"wp-block-media-text__content\">\n<p>Recuperando fuerza y confianza despu\u00e9s del c\u00e1ncer de mama Ayudando a las sobrevivientes de c\u00e1ncer de mama a regresar de forma segura al entrenamiento de fuerza, a controlar el linfedema con confianza y a reconectar con sus cuerpos a trav\u00e9s de nuestro programa exclusivo de entrenamiento y fisioterapia personalizada.<\/p>\n<\/div><\/div>\n\n\n\n<p><\/p>\n\n\n\n<div class=\"wp-block-cover alignfull\" style=\"margin-top:0;padding-top:5vw;padding-right:5vw;padding-bottom:5vw;padding-left:5vw\"><img loading=\"lazy\" decoding=\"async\" width=\"1024\" height=\"1024\" class=\"wp-block-cover__image-background wp-image-52 size-large\" alt=\"\" src=\"https:\/\/fundacionahava.org\/oncolife\/wp-content\/uploads\/2026\/01\/ejercicio-terapeutico-3-1024x1024.webp\" data-object-fit=\"cover\" srcset=\"https:\/\/fundacionahava.org\/oncolife\/wp-content\/uploads\/2026\/01\/ejercicio-terapeutico-3-1024x1024.webp 1024w, https:\/\/fundacionahava.org\/oncolife\/wp-content\/uploads\/2026\/01\/ejercicio-terapeutico-3-300x300.webp 300w, https:\/\/fundacionahava.org\/oncolife\/wp-content\/uploads\/2026\/01\/ejercicio-terapeutico-3-150x150.webp 150w, https:\/\/fundacionahava.org\/oncolife\/wp-content\/uploads\/2026\/01\/ejercicio-terapeutico-3-768x768.webp 768w, https:\/\/fundacionahava.org\/oncolife\/wp-content\/uploads\/2026\/01\/ejercicio-terapeutico-3.webp 1080w\" sizes=\"auto, (max-width: 1024px) 100vw, 1024px\" \/><span aria-hidden=\"true\" class=\"wp-block-cover__background has-background-dim\" style=\"background-color:#d1362a\"><\/span><div class=\"wp-block-cover__inner-container is-layout-flow wp-block-cover-is-layout-flow\">\n<div class=\"wp-block-group is-layout-flex wp-container-core-group-is-layout-e4aad5c3 wp-block-group-is-layout-flex\">\n<div class=\"wp-block-group wp-container-content-9cfa9a5a is-layout-flow wp-container-core-group-is-layout-d6743c7d wp-block-group-is-layout-flow\">\n<p class=\"has-text-align-left has-black-color has-text-color\" style=\"font-size:148px;font-style:normal;font-weight:700;letter-spacing:-4px;line-height:0.9;text-transform:none\">Onco-fisioterapia<\/p>\n\n\n\n<p class=\"has-text-align-left has-white-color has-text-color\" style=\"font-size:148px;font-style:normal;font-weight:700;letter-spacing:-4px;line-height:0.9;text-transform:none\">Bienestar<\/p>\n<\/div>\n\n\n\n<div class=\"wp-block-group wp-container-content-5b91cf2b is-vertical is-nowrap is-layout-flex wp-container-core-group-is-layout-82cc2081 wp-block-group-is-layout-flex\">\n<p style=\"font-size:17px;font-style:normal;font-weight:500;letter-spacing:0px;line-height:1.4;text-decoration:none;text-transform:none\"> \u00a0oncolog\u00eda del ejercicio y se enfocan en mejorar la aptitud cardiorrespiratoria, la fuerza muscular, la resistencia y la flexibilidad, todo ello comprendiendo los desaf\u00edos \u00fanicos que conlleva la recuperaci\u00f3n del c\u00e1ncer.<\/p>\n\n\n\n<div class=\"wp-block-buttons is-layout-flex wp-block-buttons-is-layout-flex\">\n<div class=\"wp-block-button\"><a class=\"wp-block-button__link has-white-color has-black-background-color has-text-color has-background has-custom-font-size wp-element-button\" href=\"https:\/\/tunurse.catalog.to\/s\/gallery\/empieza-aqui-a-mejorar-tu-calidad-de-vida\/onco-fit\/rs8\/product\/-Oim12Dq-SEJQAte1Hnz\" style=\"border-radius:0px;border-top-style:none;border-top-width:0px;border-right-style:none;border-right-width:0px;border-bottom-style:none;border-bottom-width:0px;border-left-style:none;border-left-width:0px;padding-top:24px;padding-right:36px;padding-bottom:24px;padding-left:36px;font-size:20px;font-style:normal;font-weight:700;letter-spacing:0px;text-decoration:none;text-transform:none\">Bonos Bienestar <\/a><\/div>\n<\/div>\n<\/div>\n<\/div>\n<\/div><\/div>\n\n\n\n<p><\/p>\n","protected":false},"excerpt":{"rendered":"<p>Recuperando fuerza y confianza despu\u00e9s del c\u00e1ncer de mama Ayudando a las sobrevivientes de c\u00e1ncer de mama a regresar de forma segura al entrenamiento de fuerza, a controlar el linfedema con confianza y a reconectar con sus cuerpos a trav\u00e9s de nuestro programa exclusivo de entrenamiento y fisioterapia personalizada.<\/p>\n","protected":false},"author":2,"featured_media":1411,"parent":0,"menu_order":0,"comment_status":"closed","ping_status":"closed","template":"","meta":{"footnotes":""},"class_list":["post-1410","page","type-page","status-publish","has-post-thumbnail","hentry"],"_links":{"self":[{"href":"https:\/\/fundacionahava.org\/oncolife\/wp-json\/wp\/v2\/pages\/1410","targetHints":{"allow":["GET"]}}],"collection":[{"href":"https:\/\/fundacionahava.org\/oncolife\/wp-json\/wp\/v2\/pages"}],"about":[{"href":"https:\/\/fundacionahava.org\/oncolife\/wp-json\/wp\/v2\/types\/page"}],"author":[{"embeddable":true,"href":"https:\/\/fundacionahava.org\/oncolife\/wp-json\/wp\/v2\/users\/2"}],"replies":[{"embeddable":true,"href":"https:\/\/fundacionahava.org\/oncolife\/wp-json\/wp\/v2\/comments?post=1410"}],"version-history":[{"count":3,"href":"https:\/\/fundacionahava.org\/oncolife\/wp-json\/wp\/v2\/pages\/1410\/revisions"}],"predecessor-version":[{"id":1419,"href":"https:\/\/fundacionahava.org\/oncolife\/wp-json\/wp\/v2\/pages\/1410\/revisions\/1419"}],"wp:featuredmedia":[{"embeddable":true,"href":"https:\/\/fundacionahava.org\/oncolife\/wp-json\/wp\/v2\/media\/1411"}],"wp:attachment":[{"href":"https:\/\/fundacionahava.org\/oncolife\/wp-json\/wp\/v2\/media?parent=1410"}],"curies":[{"name":"wp","href":"https:\/\/api.w.org\/{rel}","templated":true}]}}