{"id":1370,"date":"2026-02-08T23:51:25","date_gmt":"2026-02-08T23:51:25","guid":{"rendered":"https:\/\/fundacionahava.org\/oncolife\/?page_id=1370"},"modified":"2026-02-11T09:12:29","modified_gmt":"2026-02-11T09:12:29","slug":"unidades-de-rehabilitacion","status":"publish","type":"page","link":"https:\/\/fundacionahava.org\/oncolife\/unidades-de-rehabilitacion\/","title":{"rendered":"Terapia de rehabilitaci\u00f3n"},"content":{"rendered":"\n<p>Unidad del Dolor Bonos <\/p>\n\n\n\n<p>\u00bfSufres de Dolor cr\u00f3nico? D\u00e9janos ayudarte a dirigir tu cambio<\/p>\n\n\n\n<div class=\"wp-block-media-text is-stacked-on-mobile\"><figure class=\"wp-block-media-text__media\"><img loading=\"lazy\" decoding=\"async\" width=\"819\" height=\"1024\" src=\"https:\/\/fundacionahava.org\/oncolife\/wp-content\/uploads\/2026\/02\/side-view-male-osteopathic-therapist-checking-female-patient-s-elbow-1-819x1024.jpg\" alt=\"\" class=\"wp-image-1384 size-full\" srcset=\"https:\/\/fundacionahava.org\/oncolife\/wp-content\/uploads\/2026\/02\/side-view-male-osteopathic-therapist-checking-female-patient-s-elbow-1-819x1024.jpg 819w, https:\/\/fundacionahava.org\/oncolife\/wp-content\/uploads\/2026\/02\/side-view-male-osteopathic-therapist-checking-female-patient-s-elbow-1-240x300.jpg 240w, https:\/\/fundacionahava.org\/oncolife\/wp-content\/uploads\/2026\/02\/side-view-male-osteopathic-therapist-checking-female-patient-s-elbow-1-768x960.jpg 768w, https:\/\/fundacionahava.org\/oncolife\/wp-content\/uploads\/2026\/02\/side-view-male-osteopathic-therapist-checking-female-patient-s-elbow-1-1229x1536.jpg 1229w, https:\/\/fundacionahava.org\/oncolife\/wp-content\/uploads\/2026\/02\/side-view-male-osteopathic-therapist-checking-female-patient-s-elbow-1-1639x2048.jpg 1639w, https:\/\/fundacionahava.org\/oncolife\/wp-content\/uploads\/2026\/02\/side-view-male-osteopathic-therapist-checking-female-patient-s-elbow-1-scaled.jpg 2048w\" sizes=\"auto, (max-width: 819px) 100vw, 819px\" \/><\/figure><div class=\"wp-block-media-text__content\">\n<p>comprendemos el proceso que est\u00e1s viviendo. Identificamos los objetivos seg\u00fan tus preferencias y dise\u00f1amos un plan de tratamiento personalizado basado en la evidencia.<\/p>\n\n\n\n<p>Prueba una filosof\u00eda de trabajo basada en programas de entrenamiento personalizados donde entendemos tu&nbsp; enfermedad y la enfrentamos activamente.<\/p>\n<\/div><\/div>\n\n\n\n<div class=\"wp-block-media-text is-stacked-on-mobile\"><figure class=\"wp-block-media-text__media\"><img loading=\"lazy\" decoding=\"async\" width=\"1000\" height=\"665\" src=\"https:\/\/fundacionahava.org\/oncolife\/wp-content\/uploads\/2026\/02\/O584snPV7IUJFBOHbz1.jpg\" alt=\"\" class=\"wp-image-1386 size-full\" srcset=\"https:\/\/fundacionahava.org\/oncolife\/wp-content\/uploads\/2026\/02\/O584snPV7IUJFBOHbz1.jpg 1000w, https:\/\/fundacionahava.org\/oncolife\/wp-content\/uploads\/2026\/02\/O584snPV7IUJFBOHbz1-300x200.jpg 300w, https:\/\/fundacionahava.org\/oncolife\/wp-content\/uploads\/2026\/02\/O584snPV7IUJFBOHbz1-768x511.jpg 768w\" sizes=\"auto, (max-width: 1000px) 100vw, 1000px\" \/><\/figure><div class=\"wp-block-media-text__content\">\n<p>\u00bfQu\u00e9 es la Unidad de Dolor?<\/p>\n\n\n\n<p>Nuestro compromiso es que, como m\u00ednimo, aprendas sobre el proceso que est\u00e1s viviendo y ayudarte a cambiar la forma de vivirlo.&nbsp;<\/p>\n\n\n\n<h3 class=\"wp-block-heading\">\u00bfCu\u00e1les son los objetivos a trabajar en esta Unidad?<\/h3>\n\n\n\n<p><strong>Identificar&nbsp;<\/strong>tu problema.<\/p>\n\n\n\n<p><strong>Revisar&nbsp;<\/strong>los estudios cient\u00edficos.<\/p>\n\n\n\n<p><strong>Educarte&nbsp;<\/strong>en la enfermedad.<\/p>\n\n\n\n<p><strong>Mostrarte herramientas<\/strong>&nbsp;de manejo.<\/p>\n\n\n\n<p><strong>Ayudarte a cambiar<\/strong>&nbsp;la forma de vivir la enfermedad.<\/p>\n<\/div><\/div>\n\n\n\n<h3 class=\"wp-block-heading\">\u00bfQu\u00e9 herramientas trabajamos en la Unidad de Dolor ?<\/h3>\n\n\n\n<ul class=\"wp-block-list\">\n<li><strong>Terapia Manual:<\/strong>&nbsp;Es el conjunto de t\u00e9cnicas dise\u00f1adas para la evaluaci\u00f3n y tratamiento de patolog\u00edas m\u00fasculo-esquel\u00e9ticas (m\u00fasculos, tendones, tejidos articulares y sistema nervioso). Siempre van acompa\u00f1adas de un proceso de razonamiento cl\u00ednico basado en la experiencia cl\u00ednica, la experiencia del paciente y la evidencia cient\u00edfica.<\/li>\n\n\n\n<li><strong>Educaci\u00f3n Terap\u00e9utica:<\/strong>&nbsp;Es la herramienta basada en la explicaci\u00f3n de los factores implicados en el caso con el objetivo de que el paciente entienda su situaci\u00f3n y adquiera los recursos necesarios para gestionar \u00f3ptimamente su vida con enfermedad.<\/li>\n\n\n\n<li><strong>Ejercicio Terap\u00e9utico:<\/strong>&nbsp;Prescribimos un programa de entrenamiento basado en tareas activas y voluntarias que combinan diferentes actividades f\u00edsicas con el objetivo de recuperar o mantener una funci\u00f3n corporal.<\/li>\n\n\n\n<li><strong>Habilidades de enfrentamiento y manejo:<\/strong>&nbsp;Es un conjunto de herramientas de enfrentamiento progresivo a la enfermedad que se aprender\u00e1n con el objetivo de manejar situaciones puntuales de dolor o discapacidad funcional. Modificar el pensamiento y adaptar nuestra conducta para mejorar la calidad de vida. <\/li>\n<\/ul>\n\n\n\n<div class=\"wp-block-cover is-light\"><img loading=\"lazy\" decoding=\"async\" width=\"1024\" height=\"1024\" class=\"wp-block-cover__image-background wp-image-1389 size-large\" alt=\"\" src=\"https:\/\/fundacionahava.org\/oncolife\/wp-content\/uploads\/2026\/02\/9-1024x1024.webp\" data-object-fit=\"cover\" srcset=\"https:\/\/fundacionahava.org\/oncolife\/wp-content\/uploads\/2026\/02\/9-1024x1024.webp 1024w, https:\/\/fundacionahava.org\/oncolife\/wp-content\/uploads\/2026\/02\/9-300x300.webp 300w, https:\/\/fundacionahava.org\/oncolife\/wp-content\/uploads\/2026\/02\/9-150x150.webp 150w, https:\/\/fundacionahava.org\/oncolife\/wp-content\/uploads\/2026\/02\/9-768x768.webp 768w, https:\/\/fundacionahava.org\/oncolife\/wp-content\/uploads\/2026\/02\/9.webp 1080w\" sizes=\"auto, (max-width: 1024px) 100vw, 1024px\" \/><span aria-hidden=\"true\" class=\"wp-block-cover__background has-background-dim\" style=\"background-color:#d1cccc\"><\/span><div class=\"wp-block-cover__inner-container is-layout-constrained wp-block-cover-is-layout-constrained\">\n<p class=\"has-text-align-center has-large-font-size\">Patolog\u00edas m\u00e1s frecuentes que abordamos desde esta unidad<\/p>\n<\/div><\/div>\n\n\n\n<p>Dolor lumbo-p\u00e9lvico cr\u00f3nico<\/p>\n\n\n\n<p>Dolor cervical cr\u00f3nico inespec\u00edfico<\/p>\n\n\n\n<p>Cefaleas<\/p>\n\n\n\n<p>Dolor Neurop\u00e1tico<\/p>\n\n\n\n<p>Dolor Oncol\u00f3gico<\/p>\n\n\n\n<p>Fibromialgia<\/p>\n\n\n\n<p>Preguntas frecuentes<\/p>\n\n\n\n<details class=\"wp-block-details is-layout-flow wp-block-details-is-layout-flow\"><summary>\u00bfNecesito un informe m\u00e9dico para empezar el tratamiento con vosotros?<\/summary>\n<p>Queremos ser parte de tu mejora, no es necesario tener una prescripcion medica para empezar a cuidarte con nosotros .Pero si tienes pruebas o informes medicos , nos gustaria verlos en la primera sesion para preparar tu valoracion y Tratamiento<\/p>\n<\/details>\n\n\n\n<details class=\"wp-block-details is-layout-flow wp-block-details-is-layout-flow\"><summary>\u00bfEs normal que no sienta cambios inmediatos?<\/summary>\n<p>Es frecuente que en los problemas de larga evolucion no se experimenten cambios notables  hasta pasado los primeros meses de Tratamiento <\/p>\n<\/details>\n\n\n\n<p><\/p>\n\n\n\n<hr class=\"wp-block-separator has-css-opacity is-style-default\"\/>\n\n\n\n<figure class=\"wp-block-image aligncenter size-full is-resized is-style-rounded\"><img loading=\"lazy\" decoding=\"async\" width=\"897\" height=\"1024\" src=\"https:\/\/fundacionahava.org\/oncolife\/wp-content\/uploads\/2026\/01\/metdo-ams-escuela-espalda.webp\" alt=\"\" class=\"wp-image-13\" style=\"width:150px;height:150px\" srcset=\"https:\/\/fundacionahava.org\/oncolife\/wp-content\/uploads\/2026\/01\/metdo-ams-escuela-espalda.webp 897w, https:\/\/fundacionahava.org\/oncolife\/wp-content\/uploads\/2026\/01\/metdo-ams-escuela-espalda-263x300.webp 263w, https:\/\/fundacionahava.org\/oncolife\/wp-content\/uploads\/2026\/01\/metdo-ams-escuela-espalda-768x877.webp 768w\" sizes=\"auto, (max-width: 897px) 100vw, 897px\" \/><\/figure>\n\n\n\n<blockquote class=\"wp-block-quote has-text-align-center is-style-large is-layout-flow wp-block-quote-is-layout-flow\">\n<p>\u00abCu\u00e9ntanos tu historia<\/p>\n\n\n\n<p>Nos gustar\u00eda o\u00edr tu historia y ver si podemos ayudarte. Escr\u00edbenos <\/p>\n\n\n\n<p> Hablar\u00e1s con un experto en Unidad del Dolor.\u00bb<\/p>\n<cite>\u2014 Ahava Fisio<\/cite><\/blockquote>\n\n\n\n<hr class=\"wp-block-separator has-css-opacity is-style-default\"\/>\n\n\n\n<div class=\"wp-block-cover alignfull is-light\" style=\"margin-top:0;padding-top:5vw;padding-right:5vw;padding-bottom:5vw;padding-left:5vw\"><span aria-hidden=\"true\" class=\"wp-block-cover__background has-background-dim\" style=\"background-color:#d1362a\"><\/span><img loading=\"lazy\" decoding=\"async\" width=\"2560\" height=\"1511\" src=\"https:\/\/fundacionahava.org\/oncolife\/wp-content\/uploads\/2026\/01\/paciente-oncologico-ejercitando-scaled.jpg\" class=\"wp-block-cover__image-background wp-post-image\" alt=\"\" data-object-fit=\"cover\" srcset=\"https:\/\/fundacionahava.org\/oncolife\/wp-content\/uploads\/2026\/01\/paciente-oncologico-ejercitando-scaled.jpg 2560w, https:\/\/fundacionahava.org\/oncolife\/wp-content\/uploads\/2026\/01\/paciente-oncologico-ejercitando-300x177.jpg 300w, https:\/\/fundacionahava.org\/oncolife\/wp-content\/uploads\/2026\/01\/paciente-oncologico-ejercitando-1024x604.jpg 1024w, https:\/\/fundacionahava.org\/oncolife\/wp-content\/uploads\/2026\/01\/paciente-oncologico-ejercitando-768x453.jpg 768w, https:\/\/fundacionahava.org\/oncolife\/wp-content\/uploads\/2026\/01\/paciente-oncologico-ejercitando-1536x906.jpg 1536w, https:\/\/fundacionahava.org\/oncolife\/wp-content\/uploads\/2026\/01\/paciente-oncologico-ejercitando-2048x1209.jpg 2048w\" sizes=\"auto, (max-width: 2560px) 100vw, 2560px\" \/><div class=\"wp-block-cover__inner-container is-layout-flow wp-block-cover-is-layout-flow\">\n<div class=\"wp-block-group is-layout-flex wp-container-core-group-is-layout-e4aad5c3 wp-block-group-is-layout-flex\">\n<div class=\"wp-block-group wp-container-content-9cfa9a5a is-layout-flow wp-container-core-group-is-layout-d6743c7d wp-block-group-is-layout-flow\">\n<p class=\"has-text-align-left has-black-color has-text-color\" style=\"font-size:148px;font-style:normal;font-weight:700;letter-spacing:-4px;line-height:0.9;text-transform:none\">Bonos <\/p>\n\n\n\n<p class=\"has-text-align-left has-white-color has-text-color\" style=\"font-size:148px;font-style:normal;font-weight:700;letter-spacing:-4px;line-height:0.9;text-transform:none\">Bienestar<\/p>\n<\/div>\n\n\n\n<div class=\"wp-block-group wp-container-content-5b91cf2b is-vertical is-nowrap is-layout-flex wp-container-core-group-is-layout-82cc2081 wp-block-group-is-layout-flex\">\n<p style=\"font-size:17px;font-style:normal;font-weight:500;letter-spacing:0px;line-height:1.4;text-decoration:none;text-transform:none\">Los servicios de rehabilitaci\u00f3n abarcan una variedad de intervenciones dise\u00f1adas para ayudar a las personas a recuperarse de una enfermedad, lesi\u00f3n o cirug\u00eda, y a mejorar o recuperar sus capacidades f\u00edsicas, cognitivas y funcionales..<\/p>\n\n\n\n<div class=\"wp-block-buttons is-layout-flex wp-block-buttons-is-layout-flex\">\n<div class=\"wp-block-button\"><a class=\"wp-block-button__link has-white-color has-black-background-color has-text-color has-background has-custom-font-size wp-element-button\" href=\"https:\/\/wa.me\/5492944809091\" style=\"border-radius:0px;border-top-style:none;border-top-width:0px;border-right-style:none;border-right-width:0px;border-bottom-style:none;border-bottom-width:0px;border-left-style:none;border-left-width:0px;padding-top:24px;padding-right:36px;padding-bottom:24px;padding-left:36px;font-size:20px;font-style:normal;font-weight:700;letter-spacing:0px;text-decoration:none;text-transform:none\">Solicitar Turno<\/a><\/div>\n<\/div>\n<\/div>\n<\/div>\n<\/div><\/div>\n","protected":false},"excerpt":{"rendered":"<p>Unidad del Dolor Bonos \u00bfSufres de Dolor cr\u00f3nico? D\u00e9janos ayudarte a dirigir tu cambio comprendemos el proceso que est\u00e1s viviendo. Identificamos los objetivos seg\u00fan tus preferencias y dise\u00f1amos un plan de tratamiento personalizado basado en la evidencia. Prueba una filosof\u00eda de trabajo basada en programas de entrenamiento personalizados donde entendemos tu&nbsp; enfermedad y la enfrentamos [&hellip;]<\/p>\n","protected":false},"author":2,"featured_media":121,"parent":0,"menu_order":0,"comment_status":"closed","ping_status":"closed","template":"","meta":{"footnotes":""},"class_list":["post-1370","page","type-page","status-publish","has-post-thumbnail","hentry"],"_links":{"self":[{"href":"https:\/\/fundacionahava.org\/oncolife\/wp-json\/wp\/v2\/pages\/1370","targetHints":{"allow":["GET"]}}],"collection":[{"href":"https:\/\/fundacionahava.org\/oncolife\/wp-json\/wp\/v2\/pages"}],"about":[{"href":"https:\/\/fundacionahava.org\/oncolife\/wp-json\/wp\/v2\/types\/page"}],"author":[{"embeddable":true,"href":"https:\/\/fundacionahava.org\/oncolife\/wp-json\/wp\/v2\/users\/2"}],"replies":[{"embeddable":true,"href":"https:\/\/fundacionahava.org\/oncolife\/wp-json\/wp\/v2\/comments?post=1370"}],"version-history":[{"count":14,"href":"https:\/\/fundacionahava.org\/oncolife\/wp-json\/wp\/v2\/pages\/1370\/revisions"}],"predecessor-version":[{"id":1445,"href":"https:\/\/fundacionahava.org\/oncolife\/wp-json\/wp\/v2\/pages\/1370\/revisions\/1445"}],"wp:featuredmedia":[{"embeddable":true,"href":"https:\/\/fundacionahava.org\/oncolife\/wp-json\/wp\/v2\/media\/121"}],"wp:attachment":[{"href":"https:\/\/fundacionahava.org\/oncolife\/wp-json\/wp\/v2\/media?parent=1370"}],"curies":[{"name":"wp","href":"https:\/\/api.w.org\/{rel}","templated":true}]}}