{"id":17,"date":"2025-12-22T12:46:25","date_gmt":"2025-12-22T12:46:25","guid":{"rendered":"https:\/\/fundacionahava.org\/cursos\/services\/"},"modified":"2026-02-18T12:03:08","modified_gmt":"2026-02-18T12:03:08","slug":"services","status":"publish","type":"page","link":"https:\/\/fundacionahava.org\/cursos\/services\/","title":{"rendered":"Tejer Terapia"},"content":{"rendered":"<div class=\"xdj266r x14z9mp xat24cr x1lziwak x1vvkbs x126k92a\">\n<div dir=\"auto\"><\/div>\n<div dir=\"auto\">C\u00f3mo el tejer puede ayudar durante el tratamiento contra el c\u00e1ncer<\/div>\n<div dir=\"auto\">Cualquier actividad como \u00e9stas es beneficiosa para ayudar a distraerse de lo que puede resultar agobiante como es transitar una enfermedad; pero lo que tiene tejer en especial y como valor a\u00f1adido es el hecho de tener un proyecto entre manos. De \u201cfuturizar\u201d, planificar algo desde el principio y con una finalidad y una utilidad.<\/div>\n<\/div>\n<div class=\"x14z9mp xat24cr x1lziwak x1vvkbs xtlvy1s x126k92a\">\n<div dir=\"auto\">Tejer adem\u00e1s de mantenernos atentas, concentradas, relajadas y tranquilas; es tener un proyecto por delante. Es proyectar algo terminado, esa prenda que elegimos, que nos gust\u00f3, que dedicamos tiempo en elegir el punto, los colores, el material; que pensamos en c\u00f3mo me la voy a poner, o con qu\u00e9 la voy a usar, o a qui\u00e9n se la voy a regalar y si le va a gustar. Todo esto nos anima, deseamos continuar, tenemos un objetivo por delante. Es materializar el esfuerzo en algo \u00fatil y pr\u00e1ctico. Y esto es lo que nos da fuerza.<\/div>\n<\/div>\n<div class=\"x14z9mp xat24cr x1lziwak x1vvkbs xtlvy1s x126k92a\">\n<div dir=\"auto\">El c\u00e1ncer de mama es la enfermedad oncol\u00f3gica que m\u00e1s mujeres padecen en el mundo. De cada 4 mujeres con c\u00e1ncer, 1 tiene c\u00e1ncer de mama. Como s\u00e9 que la mayor\u00eda que me lee son mujeres, me digo y les digo que vayamos a hacernos controles peri\u00f3dicos anuales, no lo dejemos estar; y que es importante que los acompa\u00f1emos con h\u00e1bitos saludables, como una dieta equilibrada y hacer ejercicio.<\/div>\n<div dir=\"auto\"><\/div>\n<\/div>\n","protected":false},"excerpt":{"rendered":"<p>C\u00f3mo el tejer puede ayudar durante el tratamiento contra el c\u00e1ncer Cualquier actividad como \u00e9stas es beneficiosa para ayudar a distraerse de lo que puede resultar agobiante como es transitar una enfermedad; pero lo que tiene tejer en especial y como valor a\u00f1adido es el hecho de tener un proyecto entre manos. De \u201cfuturizar\u201d, planificar [&hellip;]<\/p>\n","protected":false},"author":1,"featured_media":327,"parent":0,"menu_order":0,"comment_status":"closed","ping_status":"closed","template":"","meta":{"_eb_attr":"","footnotes":""},"class_list":["post-17","page","type-page","status-publish","has-post-thumbnail","hentry"],"_links":{"self":[{"href":"https:\/\/fundacionahava.org\/cursos\/wp-json\/wp\/v2\/pages\/17","targetHints":{"allow":["GET"]}}],"collection":[{"href":"https:\/\/fundacionahava.org\/cursos\/wp-json\/wp\/v2\/pages"}],"about":[{"href":"https:\/\/fundacionahava.org\/cursos\/wp-json\/wp\/v2\/types\/page"}],"author":[{"embeddable":true,"href":"https:\/\/fundacionahava.org\/cursos\/wp-json\/wp\/v2\/users\/1"}],"replies":[{"embeddable":true,"href":"https:\/\/fundacionahava.org\/cursos\/wp-json\/wp\/v2\/comments?post=17"}],"version-history":[{"count":2,"href":"https:\/\/fundacionahava.org\/cursos\/wp-json\/wp\/v2\/pages\/17\/revisions"}],"predecessor-version":[{"id":333,"href":"https:\/\/fundacionahava.org\/cursos\/wp-json\/wp\/v2\/pages\/17\/revisions\/333"}],"wp:featuredmedia":[{"embeddable":true,"href":"https:\/\/fundacionahava.org\/cursos\/wp-json\/wp\/v2\/media\/327"}],"wp:attachment":[{"href":"https:\/\/fundacionahava.org\/cursos\/wp-json\/wp\/v2\/media?parent=17"}],"curies":[{"name":"wp","href":"https:\/\/api.w.org\/{rel}","templated":true}]}}