{"id":11,"date":"2025-12-22T12:46:25","date_gmt":"2025-12-22T12:46:25","guid":{"rendered":"https:\/\/fundacionahava.org\/cursos\/contact\/"},"modified":"2026-02-18T12:07:36","modified_gmt":"2026-02-18T12:07:36","slug":"contact","status":"publish","type":"page","link":"https:\/\/fundacionahava.org\/cursos\/contact\/","title":{"rendered":"Contacto"},"content":{"rendered":"\n<div class=\"wp-block-cover alignfull is-light wp-duotone-unset-2\" style=\"margin-top:0;padding-top:48px;padding-right:48px;padding-bottom:48px;padding-left:48px;min-height:66vh;aspect-ratio:unset;\"><img loading=\"lazy\" decoding=\"async\" width=\"683\" height=\"1024\" class=\"wp-block-cover__image-background wp-image-276 size-large\" alt=\"\" src=\"https:\/\/fundacionahava.org\/cursos\/wp-content\/uploads\/2025\/12\/pelucas-princesas-disney-ninos-cancer-magic-yarn-holly-christensen-4-683x1024.webp\" data-object-fit=\"cover\" srcset=\"https:\/\/fundacionahava.org\/cursos\/wp-content\/uploads\/2025\/12\/pelucas-princesas-disney-ninos-cancer-magic-yarn-holly-christensen-4-683x1024.webp 683w, https:\/\/fundacionahava.org\/cursos\/wp-content\/uploads\/2025\/12\/pelucas-princesas-disney-ninos-cancer-magic-yarn-holly-christensen-4-200x300.webp 200w, https:\/\/fundacionahava.org\/cursos\/wp-content\/uploads\/2025\/12\/pelucas-princesas-disney-ninos-cancer-magic-yarn-holly-christensen-4.webp 700w\" sizes=\"auto, (max-width: 683px) 100vw, 683px\" \/><span aria-hidden=\"true\" class=\"wp-block-cover__background has-background-dim-30 has-background-dim\" style=\"background-color:#79847f\"><\/span><div class=\"wp-block-cover__inner-container is-layout-flow wp-block-cover-is-layout-flow\">\n<div class=\"wp-block-group\"><div class=\"wp-block-group__inner-container is-layout-constrained wp-container-core-group-is-layout-481a76f5 wp-block-group-is-layout-constrained\">\n<h2 class=\"wp-block-heading has-text-align-center has-white-color has-text-color\" style=\"font-size:100px;font-style:normal;font-weight:700;letter-spacing:0px;line-height:1;text-transform:uppercase\"> <strong>Uniendo Vocacion y Pasion<\/strong>.<\/h2>\n\n\n\n<p class=\"has-text-align-center\"><strong><em>Lanaterapia<\/em><br>De la uni\u00f3n entre esa vocaci\u00f3n y mi faceta como amante del tejido naci\u00f3 la Fundaci\u00f3n Ahava.<br>Comprend\u00ed que las lanas no solo abrigan: tambi\u00e9n sanan.<\/strong>.<\/p>\n<\/div><\/div>\n\n\n\n<div style=\"height:72px\" aria-hidden=\"true\" class=\"wp-block-spacer\"><\/div>\n\n\n\n<div class=\"wp-block-buttons is-content-justification-center is-nowrap is-layout-flex wp-container-core-buttons-is-layout-1fb9aab6 wp-block-buttons-is-layout-flex\">\n<div class=\"wp-block-button is-style-outline is-style-outline--1\"><a class=\"wp-block-button__link has-white-color has-text-color has-custom-font-size wp-element-button\" href=\"https:\/\/wa.me\/5492944809091\" style=\"padding-top:24px;padding-right:48px;padding-bottom:24px;padding-left:48px;font-size:16px;font-style:normal;font-weight:600;letter-spacing:0px;text-transform:uppercase\">explorar<\/a><\/div>\n<\/div>\n<\/div><\/div>\n","protected":false},"excerpt":{"rendered":"","protected":false},"author":1,"featured_media":0,"parent":0,"menu_order":0,"comment_status":"closed","ping_status":"closed","template":"","meta":{"_eb_attr":"","footnotes":""},"class_list":["post-11","page","type-page","status-publish","hentry"],"_links":{"self":[{"href":"https:\/\/fundacionahava.org\/cursos\/wp-json\/wp\/v2\/pages\/11","targetHints":{"allow":["GET"]}}],"collection":[{"href":"https:\/\/fundacionahava.org\/cursos\/wp-json\/wp\/v2\/pages"}],"about":[{"href":"https:\/\/fundacionahava.org\/cursos\/wp-json\/wp\/v2\/types\/page"}],"author":[{"embeddable":true,"href":"https:\/\/fundacionahava.org\/cursos\/wp-json\/wp\/v2\/users\/1"}],"replies":[{"embeddable":true,"href":"https:\/\/fundacionahava.org\/cursos\/wp-json\/wp\/v2\/comments?post=11"}],"version-history":[{"count":2,"href":"https:\/\/fundacionahava.org\/cursos\/wp-json\/wp\/v2\/pages\/11\/revisions"}],"predecessor-version":[{"id":345,"href":"https:\/\/fundacionahava.org\/cursos\/wp-json\/wp\/v2\/pages\/11\/revisions\/345"}],"wp:attachment":[{"href":"https:\/\/fundacionahava.org\/cursos\/wp-json\/wp\/v2\/media?parent=11"}],"curies":[{"name":"wp","href":"https:\/\/api.w.org\/{rel}","templated":true}]}}